{"id":475,"date":"2024-01-09T01:01:03","date_gmt":"2024-01-09T01:01:03","guid":{"rendered":"https:\/\/themejunction.net\/wp\/beauly\/?page_id=475"},"modified":"2025-05-29T12:06:48","modified_gmt":"2025-05-29T12:06:48","slug":"blog","status":"publish","type":"page","link":"https:\/\/atlantic-investments.co.uk\/tr\/blog\/","title":{"rendered":"Blog"},"content":{"rendered":"<div data-elementor-type=\"wp-page\" data-elementor-id=\"475\" class=\"elementor elementor-475\">\n\t\t\t\t<div class=\"elementor-element elementor-element-93835de e-flex e-con-boxed e-con e-parent\" data-id=\"93835de\" data-element_type=\"container\">\n\t\t\t\t\t<div class=\"e-con-inner\">\n\t\t\t\t<div class=\"elementor-element elementor-element-8e7d812 elementor-widget__width-initial tj_section_align elementor-align-center elementor-widget elementor-widget-tj-section-title\" data-id=\"8e7d812\" data-element_type=\"widget\" data-widget_type=\"tj-section-title.default\">\n\t\t\t\t<div class=\"elementor-widget-container\">\n\t\t\t\t\t\n<div class=\"section-heading\">\n\n  \n  <h2 class=\"section-title wow fadeInUp\" data-wow-delay=\"0.3s\">Latest News Updates<\/h2>\n      <div class=\"desc wow fadeInUp\" data-wow-delay=\"0.5s\">\n      <p>Stay informed with the latest news, trends, and insights from the real estate world. Our updates keep you ahead with timely information on market changes, industry developments, and expert advice.<\/p>    <\/div>\n  \n  <\/div>\n\n\t\t\t\t<\/div>\n\t\t\t\t<\/div>\n\t\t<div class=\"elementor-element elementor-element-a5069b7 e-con-full e-flex e-con e-child\" data-id=\"a5069b7\" data-element_type=\"container\">\n\t\t\t\t<div class=\"elementor-element elementor-element-a630511 elementor-widget elementor-widget-tj-latest-blogs\" data-id=\"a630511\" data-element_type=\"widget\" data-widget_type=\"tj-latest-blogs.default\">\n\t\t\t\t<div class=\"elementor-widget-container\">\n\t\t\t\t\t\n<div class=\"tj_latest_blog blog-2\">\n      <div class=\"row\">\n              <div class=\"col-lg-4 col-md-6\">\n          <div class=\"post-card wow fadeInUp\" data-wow-delay=\"0.3s\">\n\n            \n            <div class=\"post-content\">\n\n                              <div class=\"post-meta d-flex align-items-center\">\n                  <ul>\n                                          <li><i class=\"fa-light fa-user\"><\/i>By <a href=\"https:\/\/atlantic-investments.co.uk\/tr\/author\/redbull15\/\">redbull15<\/a><\/li>\n                    \n                    \n                                          <li><a href=\"https:\/\/atlantic-investments.co.uk\/tr\/how-to-design-a-website-for-your-real-estate-business\/#respond\"><i class=\"fa-light fa-comments-alt\"><\/i> Yorum yap\u0131lmam\u0131\u015f<\/a><\/li>\n                                      <\/ul>\n                <\/div>\n              \n              <h3 class=\"post-content-title\">\n                <a href=\"https:\/\/atlantic-investments.co.uk\/tr\/how-to-design-a-website-for-your-real-estate-business\/\">Newcastle Tops the UK for Fastest Property Sales<\/a>\n              <\/h3>\n\n                              <p>The dynamic city of Newcastle upon Tyne has captured the spotlight in the UK property market, boasting the...<\/p>\n                          <\/div>\n          <\/div>\n        <\/div>\n          <\/div>\n  <\/div>\n\n\t\t\t\t<\/div>\n\t\t\t\t<\/div>\n\t\t\t\t<\/div>\n\t\t\t\t\t<\/div>\n\t\t\t\t<\/div>\n\t\t\t\t<\/div>","protected":false},"excerpt":{"rendered":"<p>Latest News Updates Stay informed with the latest news, trends, and insights from the real estate world. Our updates keep you ahead with timely information on market changes, industry developments, and expert advice. By redbull15 Yorum yap\u0131lmam\u0131\u015f Newcastle Tops the UK for Fastest Property Sales The dynamic city of Newcastle upon Tyne has captured the [&hellip;]<\/p>","protected":false},"author":1,"featured_media":0,"parent":0,"menu_order":0,"comment_status":"closed","ping_status":"closed","template":"elementor_header_footer","meta":{"_acf_changed":false,"footnotes":""},"class_list":["post-475","page","type-page","status-publish","hentry"],"acf":[],"yoast_head":"<!-- This site is optimized with the Yoast SEO plugin v25.8 - https:\/\/yoast.com\/wordpress\/plugins\/seo\/ -->\n<title>Blog - Atlantic-Investments<\/title>\n<meta name=\"robots\" content=\"index, follow, max-snippet:-1, max-image-preview:large, max-video-preview:-1\" \/>\n<link rel=\"canonical\" href=\"https:\/\/atlantic-investments.co.uk\/tr\/blog\/\" \/>\n<meta property=\"og:locale\" content=\"tr_TR\" \/>\n<meta property=\"og:type\" content=\"article\" \/>\n<meta property=\"og:title\" content=\"Blog - Atlantic-Investments\" \/>\n<meta property=\"og:description\" content=\"Latest News Updates Stay informed with the latest news, trends, and insights from the real estate world. Our updates keep you ahead with timely information on market changes, industry developments, and expert advice. By redbull15 Yorum yap\u0131lmam\u0131\u015f Newcastle Tops the UK for Fastest Property Sales The dynamic city of Newcastle upon Tyne has captured the [&hellip;]\" \/>\n<meta property=\"og:url\" content=\"https:\/\/atlantic-investments.co.uk\/tr\/blog\/\" \/>\n<meta property=\"og:site_name\" content=\"Atlantic-Investments\" \/>\n<meta property=\"article:modified_time\" content=\"2025-05-29T12:06:48+00:00\" \/>\n<meta name=\"twitter:card\" content=\"summary_large_image\" \/>\n<meta name=\"twitter:label1\" content=\"Tahmini okuma s\u00fcresi\" \/>\n\t<meta name=\"twitter:data1\" content=\"1 dakika\" \/>\n<script type=\"application\/ld+json\" class=\"yoast-schema-graph\">{\"@context\":\"https:\/\/schema.org\",\"@graph\":[{\"@type\":\"WebPage\",\"@id\":\"https:\/\/atlantic-investments.co.uk\/blog\/\",\"url\":\"https:\/\/atlantic-investments.co.uk\/blog\/\",\"name\":\"Blog - Atlantic-Investments\",\"isPartOf\":{\"@id\":\"http:\/\/atlantic-investments.co.uk\/#website\"},\"datePublished\":\"2024-01-09T01:01:03+00:00\",\"dateModified\":\"2025-05-29T12:06:48+00:00\",\"breadcrumb\":{\"@id\":\"https:\/\/atlantic-investments.co.uk\/blog\/#breadcrumb\"},\"inLanguage\":\"tr\",\"potentialAction\":[{\"@type\":\"ReadAction\",\"target\":[\"https:\/\/atlantic-investments.co.uk\/blog\/\"]}]},{\"@type\":\"BreadcrumbList\",\"@id\":\"https:\/\/atlantic-investments.co.uk\/blog\/#breadcrumb\",\"itemListElement\":[{\"@type\":\"ListItem\",\"position\":1,\"name\":\"Home\",\"item\":\"https:\/\/atlantic-investments.co.uk\/\"},{\"@type\":\"ListItem\",\"position\":2,\"name\":\"Blog\"}]},{\"@type\":\"WebSite\",\"@id\":\"http:\/\/atlantic-investments.co.uk\/#website\",\"url\":\"http:\/\/atlantic-investments.co.uk\/\",\"name\":\"Atlantic-Investments\",\"description\":\"\",\"publisher\":{\"@id\":\"http:\/\/atlantic-investments.co.uk\/#organization\"},\"potentialAction\":[{\"@type\":\"SearchAction\",\"target\":{\"@type\":\"EntryPoint\",\"urlTemplate\":\"http:\/\/atlantic-investments.co.uk\/?s={search_term_string}\"},\"query-input\":{\"@type\":\"PropertyValueSpecification\",\"valueRequired\":true,\"valueName\":\"search_term_string\"}}],\"inLanguage\":\"tr\"},{\"@type\":\"Organization\",\"@id\":\"http:\/\/atlantic-investments.co.uk\/#organization\",\"name\":\"Atlantic-Investments\",\"url\":\"http:\/\/atlantic-investments.co.uk\/\",\"logo\":{\"@type\":\"ImageObject\",\"inLanguage\":\"tr\",\"@id\":\"http:\/\/atlantic-investments.co.uk\/#\/schema\/logo\/image\/\",\"url\":\"https:\/\/atlantic-investments.co.uk\/wp-content\/uploads\/2025\/05\/Picture1.jpg\",\"contentUrl\":\"https:\/\/atlantic-investments.co.uk\/wp-content\/uploads\/2025\/05\/Picture1.jpg\",\"width\":1125,\"height\":374,\"caption\":\"Atlantic-Investments\"},\"image\":{\"@id\":\"http:\/\/atlantic-investments.co.uk\/#\/schema\/logo\/image\/\"}}]}<\/script>\n<!-- \/ Yoast SEO plugin. -->","yoast_head_json":{"title":"Blog - Atlantic-Investments","robots":{"index":"index","follow":"follow","max-snippet":"max-snippet:-1","max-image-preview":"max-image-preview:large","max-video-preview":"max-video-preview:-1"},"canonical":"https:\/\/atlantic-investments.co.uk\/tr\/blog\/","og_locale":"tr_TR","og_type":"article","og_title":"Blog - Atlantic-Investments","og_description":"Latest News Updates Stay informed with the latest news, trends, and insights from the real estate world. Our updates keep you ahead with timely information on market changes, industry developments, and expert advice. By redbull15 Yorum yap\u0131lmam\u0131\u015f Newcastle Tops the UK for Fastest Property Sales The dynamic city of Newcastle upon Tyne has captured the [&hellip;]","og_url":"https:\/\/atlantic-investments.co.uk\/tr\/blog\/","og_site_name":"Atlantic-Investments","article_modified_time":"2025-05-29T12:06:48+00:00","twitter_card":"summary_large_image","twitter_misc":{"Tahmini okuma s\u00fcresi":"1 dakika"},"schema":{"@context":"https:\/\/schema.org","@graph":[{"@type":"WebPage","@id":"https:\/\/atlantic-investments.co.uk\/blog\/","url":"https:\/\/atlantic-investments.co.uk\/blog\/","name":"Blog - Atlantic-Investments","isPartOf":{"@id":"http:\/\/atlantic-investments.co.uk\/#website"},"datePublished":"2024-01-09T01:01:03+00:00","dateModified":"2025-05-29T12:06:48+00:00","breadcrumb":{"@id":"https:\/\/atlantic-investments.co.uk\/blog\/#breadcrumb"},"inLanguage":"tr","potentialAction":[{"@type":"ReadAction","target":["https:\/\/atlantic-investments.co.uk\/blog\/"]}]},{"@type":"BreadcrumbList","@id":"https:\/\/atlantic-investments.co.uk\/blog\/#breadcrumb","itemListElement":[{"@type":"ListItem","position":1,"name":"Home","item":"https:\/\/atlantic-investments.co.uk\/"},{"@type":"ListItem","position":2,"name":"Blog"}]},{"@type":"WebSite","@id":"http:\/\/atlantic-investments.co.uk\/#website","url":"http:\/\/atlantic-investments.co.uk\/","name":"Atlantic-Investments","description":"","publisher":{"@id":"http:\/\/atlantic-investments.co.uk\/#organization"},"potentialAction":[{"@type":"SearchAction","target":{"@type":"EntryPoint","urlTemplate":"http:\/\/atlantic-investments.co.uk\/?s={search_term_string}"},"query-input":{"@type":"PropertyValueSpecification","valueRequired":true,"valueName":"search_term_string"}}],"inLanguage":"tr"},{"@type":"Organization","@id":"http:\/\/atlantic-investments.co.uk\/#organization","name":"Atlantic-Investments","url":"http:\/\/atlantic-investments.co.uk\/","logo":{"@type":"ImageObject","inLanguage":"tr","@id":"http:\/\/atlantic-investments.co.uk\/#\/schema\/logo\/image\/","url":"https:\/\/atlantic-investments.co.uk\/wp-content\/uploads\/2025\/05\/Picture1.jpg","contentUrl":"https:\/\/atlantic-investments.co.uk\/wp-content\/uploads\/2025\/05\/Picture1.jpg","width":1125,"height":374,"caption":"Atlantic-Investments"},"image":{"@id":"http:\/\/atlantic-investments.co.uk\/#\/schema\/logo\/image\/"}}]}},"_links":{"self":[{"href":"https:\/\/atlantic-investments.co.uk\/tr\/wp-json\/wp\/v2\/pages\/475","targetHints":{"allow":["GET"]}}],"collection":[{"href":"https:\/\/atlantic-investments.co.uk\/tr\/wp-json\/wp\/v2\/pages"}],"about":[{"href":"https:\/\/atlantic-investments.co.uk\/tr\/wp-json\/wp\/v2\/types\/page"}],"author":[{"embeddable":true,"href":"https:\/\/atlantic-investments.co.uk\/tr\/wp-json\/wp\/v2\/users\/1"}],"replies":[{"embeddable":true,"href":"https:\/\/atlantic-investments.co.uk\/tr\/wp-json\/wp\/v2\/comments?post=475"}],"version-history":[{"count":5,"href":"https:\/\/atlantic-investments.co.uk\/tr\/wp-json\/wp\/v2\/pages\/475\/revisions"}],"predecessor-version":[{"id":3215,"href":"https:\/\/atlantic-investments.co.uk\/tr\/wp-json\/wp\/v2\/pages\/475\/revisions\/3215"}],"wp:attachment":[{"href":"https:\/\/atlantic-investments.co.uk\/tr\/wp-json\/wp\/v2\/media?parent=475"}],"curies":[{"name":"wp","href":"https:\/\/api.w.org\/{rel}","templated":true}]}}