{"id":539,"date":"2024-01-09T16:19:41","date_gmt":"2024-01-09T16:19:41","guid":{"rendered":"https:\/\/themejunction.net\/wp\/beauly\/?page_id=539"},"modified":"2025-08-24T15:07:47","modified_gmt":"2025-08-24T15:07:47","slug":"contact","status":"publish","type":"page","link":"https:\/\/atlantic-investments.co.uk\/tr\/contact\/","title":{"rendered":"Contact Us"},"content":{"rendered":"<div data-elementor-type=\"wp-page\" data-elementor-id=\"539\" class=\"elementor elementor-539\">\n\t\t\t\t<div class=\"elementor-element elementor-element-3baba66 e-flex e-con-boxed e-con e-parent\" data-id=\"3baba66\" data-element_type=\"container\">\n\t\t\t\t\t<div class=\"e-con-inner\">\n\t\t<div class=\"elementor-element elementor-element-c9c9651 e-con-full e-flex e-con e-child\" data-id=\"c9c9651\" data-element_type=\"container\">\n\t\t\t\t<div class=\"elementor-element elementor-element-b36e9e0 tj_icon_box_align elementor-align-center elementor-widget elementor-widget-tj-icon-box\" data-id=\"b36e9e0\" data-element_type=\"widget\" data-widget_type=\"tj-icon-box.default\">\n\t\t\t\t<div class=\"elementor-widget-container\">\n\t\t\t\t\t\n<div class=\"contact-item wow fadeInUp\" data-wow-delay=\"0.3s\">\n  <div class=\"contact-icon\">\n    <i aria-hidden=\"true\" class=\"tj flaticon-phone\"><\/i>  <\/div>\n\n      <h3 class=\"contact-title\">Phone<\/h3>\n  \n      <ul class=\"contact-list\">\n                        <li><a href=\"tel:07544447910\">07544447910<\/a><\/li>\n                  <\/ul>\n  <\/div>\n\n\t\t\t\t<\/div>\n\t\t\t\t<\/div>\n\t\t\t\t<\/div>\n\t\t<div class=\"elementor-element elementor-element-d0aa401 e-con-full e-flex e-con e-child\" data-id=\"d0aa401\" data-element_type=\"container\">\n\t\t\t\t<div class=\"elementor-element elementor-element-f12053a tj_icon_box_align elementor-align-center elementor-widget elementor-widget-tj-icon-box\" data-id=\"f12053a\" data-element_type=\"widget\" data-widget_type=\"tj-icon-box.default\">\n\t\t\t\t<div class=\"elementor-widget-container\">\n\t\t\t\t\t\n<div class=\"contact-item wow fadeInUp\" data-wow-delay=\"0.3s\">\n  <div class=\"contact-icon\">\n    <svg xmlns=\"http:\/\/www.w3.org\/2000\/svg\" xmlns:xlink=\"http:\/\/www.w3.org\/1999\/xlink\" viewbox=\"0,0,256,256\" width=\"50px\" height=\"50px\" fill-rule=\"nonzero\"><g fill-opacity=\"0.58824\" fill=\"#996d23\" fill-rule=\"nonzero\" stroke=\"none\" stroke-width=\"1\" stroke-linecap=\"butt\" stroke-linejoin=\"miter\" stroke-miterlimit=\"10\" stroke-dasharray=\"\" stroke-dashoffset=\"0\" font-family=\"none\" font-weight=\"none\" font-size=\"none\" text-anchor=\"none\" style=\"mix-blend-mode: normal\"><g transform=\"scale(5.12,5.12)\"><path d=\"M25,2c-12.69047,0 -23,10.30953 -23,23c0,4.0791 1.11869,7.88588 2.98438,11.20898l-2.94727,10.52148c-0.09582,0.34262 -0.00241,0.71035 0.24531,0.96571c0.24772,0.25536 0.61244,0.35989 0.95781,0.27452l10.9707,-2.71875c3.22369,1.72098 6.88165,2.74805 10.78906,2.74805c12.69047,0 23,-10.30953 23,-23c0,-12.69047 -10.30953,-23 -23,-23zM25,4c11.60953,0 21,9.39047 21,21c0,11.60953 -9.39047,21 -21,21c-3.72198,0 -7.20788,-0.97037 -10.23828,-2.66602c-0.22164,-0.12385 -0.48208,-0.15876 -0.72852,-0.09766l-9.60742,2.38086l2.57617,-9.19141c0.07449,-0.26248 0.03851,-0.54399 -0.09961,-0.7793c-1.84166,-3.12289 -2.90234,-6.75638 -2.90234,-10.64648c0,-11.60953 9.39047,-21 21,-21zM16.64258,13c-0.64104,0 -1.55653,0.23849 -2.30859,1.04883c-0.45172,0.48672 -2.33398,2.32068 -2.33398,5.54492c0,3.36152 2.33139,6.2621 2.61328,6.63477h0.00195v0.00195c-0.02674,-0.03514 0.3578,0.52172 0.87109,1.18945c0.5133,0.66773 1.23108,1.54472 2.13281,2.49414c1.80347,1.89885 4.33914,4.09336 7.48633,5.43555c1.44932,0.61717 2.59271,0.98981 3.45898,1.26172c1.60539,0.5041 3.06762,0.42747 4.16602,0.26563c0.82216,-0.12108 1.72641,-0.51584 2.62109,-1.08203c0.89469,-0.56619 1.77153,-1.2702 2.1582,-2.33984c0.27701,-0.76683 0.41783,-1.47548 0.46875,-2.05859c0.02546,-0.29156 0.02869,-0.54888 0.00977,-0.78711c-0.01897,-0.23823 0.0013,-0.42071 -0.2207,-0.78516c-0.46557,-0.76441 -0.99283,-0.78437 -1.54297,-1.05664c-0.30567,-0.15128 -1.17595,-0.57625 -2.04883,-0.99219c-0.8719,-0.41547 -1.62686,-0.78344 -2.0918,-0.94922c-0.29375,-0.10568 -0.65243,-0.25782 -1.16992,-0.19922c-0.51749,0.0586 -1.0286,0.43198 -1.32617,0.87305c-0.28205,0.41807 -1.4175,1.75835 -1.76367,2.15234c-0.0046,-0.0028 0.02544,0.01104 -0.11133,-0.05664c-0.42813,-0.21189 -0.95173,-0.39205 -1.72656,-0.80078c-0.77483,-0.40873 -1.74407,-1.01229 -2.80469,-1.94727v-0.00195c-1.57861,-1.38975 -2.68437,-3.1346 -3.0332,-3.7207c0.0235,-0.02796 -0.00279,0.0059 0.04687,-0.04297l0.00195,-0.00195c0.35652,-0.35115 0.67247,-0.77056 0.93945,-1.07812c0.37854,-0.43609 0.54559,-0.82052 0.72656,-1.17969c0.36067,-0.71583 0.15985,-1.50352 -0.04883,-1.91797v-0.00195c0.01441,0.02867 -0.11288,-0.25219 -0.25,-0.57617c-0.13751,-0.32491 -0.31279,-0.74613 -0.5,-1.19531c-0.37442,-0.89836 -0.79243,-1.90595 -1.04102,-2.49609v-0.00195c-0.29285,-0.69513 -0.68904,-1.1959 -1.20703,-1.4375c-0.51799,-0.2416 -0.97563,-0.17291 -0.99414,-0.17383h-0.00195c-0.36964,-0.01705 -0.77527,-0.02148 -1.17773,-0.02148zM16.64258,15c0.38554,0 0.76564,0.0047 1.08398,0.01953c0.32749,0.01632 0.30712,0.01766 0.24414,-0.01172c-0.06399,-0.02984 0.02283,-0.03953 0.20898,0.40234c0.24341,0.57785 0.66348,1.58909 1.03906,2.49023c0.18779,0.45057 0.36354,0.87343 0.50391,1.20508c0.14036,0.33165 0.21642,0.51683 0.30469,0.69336v0.00195l0.00195,0.00195c0.08654,0.17075 0.07889,0.06143 0.04883,0.12109c-0.21103,0.41883 -0.23966,0.52166 -0.45312,0.76758c-0.32502,0.37443 -0.65655,0.792 -0.83203,0.96484c-0.15353,0.15082 -0.43055,0.38578 -0.60352,0.8457c-0.17323,0.46063 -0.09238,1.09262 0.18555,1.56445c0.37003,0.62819 1.58941,2.6129 3.48438,4.28125c1.19338,1.05202 2.30519,1.74828 3.19336,2.2168c0.88817,0.46852 1.61157,0.74215 1.77344,0.82227c0.38438,0.19023 0.80448,0.33795 1.29297,0.2793c0.48849,-0.05865 0.90964,-0.35504 1.17773,-0.6582l0.00195,-0.00195c0.3568,-0.40451 1.41702,-1.61513 1.92578,-2.36133c0.02156,0.0076 0.0145,0.0017 0.18359,0.0625v0.00195h0.00195c0.0772,0.02749 1.04413,0.46028 1.90625,0.87109c0.86212,0.41081 1.73716,0.8378 2.02148,0.97852c0.41033,0.20308 0.60422,0.33529 0.6543,0.33594c0.00338,0.08798 0.0068,0.18333 -0.00586,0.32813c-0.03507,0.40164 -0.14243,0.95757 -0.35742,1.55273c-0.10532,0.29136 -0.65389,0.89227 -1.3457,1.33008c-0.69181,0.43781 -1.53386,0.74705 -1.8457,0.79297c-0.9376,0.13815 -2.05083,0.18859 -3.27344,-0.19531c-0.84773,-0.26609 -1.90476,-0.61053 -3.27344,-1.19336c-2.77581,-1.18381 -5.13503,-3.19825 -6.82031,-4.97266c-0.84264,-0.8872 -1.51775,-1.71309 -1.99805,-2.33789c-0.4794,-0.62364 -0.68874,-0.94816 -0.86328,-1.17773l-0.00195,-0.00195c-0.30983,-0.40973 -2.20703,-3.04868 -2.20703,-5.42578c0,-2.51576 1.1685,-3.50231 1.80078,-4.18359c0.33194,-0.35766 0.69484,-0.41016 0.8418,-0.41016z\"><\/path><\/g><\/g><\/svg>  <\/div>\n\n      <h3 class=\"contact-title\">WhatsApp<\/h3>\n  \n      <ul class=\"contact-list\">\n                        <li><a href=\"tel:+905334741586\">+905334741586<\/a><\/li>\n                  <\/ul>\n  <\/div>\n\n\t\t\t\t<\/div>\n\t\t\t\t<\/div>\n\t\t\t\t<\/div>\n\t\t<div class=\"elementor-element elementor-element-2c06314 e-con-full e-flex e-con e-child\" data-id=\"2c06314\" data-element_type=\"container\">\n\t\t\t\t<div class=\"elementor-element elementor-element-1685a72 tj_icon_box_align elementor-align-center elementor-widget elementor-widget-tj-icon-box\" data-id=\"1685a72\" data-element_type=\"widget\" data-widget_type=\"tj-icon-box.default\">\n\t\t\t\t<div class=\"elementor-widget-container\">\n\t\t\t\t\t\n<div class=\"contact-item wow fadeInUp\" data-wow-delay=\"0.5s\">\n  <div class=\"contact-icon\">\n    <i aria-hidden=\"true\" class=\"tj flaticon-envelope\"><\/i>  <\/div>\n\n      <h3 class=\"contact-title\">E-mail<\/h3>\n  \n      <ul class=\"contact-list\">\n                        <li><a href=\"mailto:contact@atlantic-investments.co.uk\">contact@atlantic-investments.co.uk<\/a><\/li>\n                  <\/ul>\n  <\/div>\n\n\t\t\t\t<\/div>\n\t\t\t\t<\/div>\n\t\t\t\t<\/div>\n\t\t<div class=\"elementor-element elementor-element-0ff4fdf e-con-full e-flex e-con e-child\" data-id=\"0ff4fdf\" data-element_type=\"container\">\n\t\t\t\t<div class=\"elementor-element elementor-element-0342fdc tj_icon_box_align elementor-align-center elementor-widget elementor-widget-tj-icon-box\" data-id=\"0342fdc\" data-element_type=\"widget\" data-widget_type=\"tj-icon-box.default\">\n\t\t\t\t<div class=\"elementor-widget-container\">\n\t\t\t\t\t\n<div class=\"contact-item wow fadeInUp\" data-wow-delay=\"0.7s\">\n  <div class=\"contact-icon\">\n    <i aria-hidden=\"true\" class=\"tj flaticon-courier\"><\/i>  <\/div>\n\n      <h3 class=\"contact-title\">Address<\/h3>\n  \n      <ul class=\"contact-list\">\n                                    <li>1 Staward Terrace, <br> Newcastle upon Tyne,\u00a0NE6\u00a03EP<\/li>\n                            <\/ul>\n  <\/div>\n\n\t\t\t\t<\/div>\n\t\t\t\t<\/div>\n\t\t\t\t<\/div>\n\t\t\t\t\t<\/div>\n\t\t\t\t<\/div>\n\t\t<div class=\"elementor-element elementor-element-6ae0477 e-con-full e-flex e-con e-parent\" data-id=\"6ae0477\" data-element_type=\"container\">\n\t\t\t\t<div class=\"elementor-element elementor-element-40e3652 elementor-widget elementor-widget-google_maps\" data-id=\"40e3652\" data-element_type=\"widget\" data-widget_type=\"google_maps.default\">\n\t\t\t\t<div class=\"elementor-widget-container\">\n\t\t\t\t\t\t\t<div class=\"elementor-custom-embed\">\n\t\t\t<iframe loading=\"lazy\"\n\t\t\t\t\tsrc=\"https:\/\/maps.google.com\/maps?q=1%20Staward%20Terrace%2C%20Newcastle%20upon%20Tyne%2C%C2%A0NE6%C2%A03EP&#038;t=m&#038;z=6&#038;output=embed&#038;iwloc=near\"\n\t\t\t\t\ttitle=\"1 Staward Terrace, Newcastle upon Tyne,\u00a0NE6\u00a03EP\"\n\t\t\t\t\taria-label=\"1 Staward Terrace, Newcastle upon Tyne,\u00a0NE6\u00a03EP\"\n\t\t\t><\/iframe>\n\t\t<\/div>\n\t\t\t\t\t\t<\/div>\n\t\t\t\t<\/div>\n\t\t\t\t<\/div>\n\t\t<div class=\"elementor-element elementor-element-c64e9f7 e-flex e-con-boxed e-con e-parent\" data-id=\"c64e9f7\" data-element_type=\"container\">\n\t\t\t\t\t<div class=\"e-con-inner\">\n\t\t\t\t<div class=\"elementor-element elementor-element-4517c40 tj_section_align elementor-align-center elementor-widget__width-initial elementor-widget elementor-widget-tj-section-title\" data-id=\"4517c40\" data-element_type=\"widget\" data-widget_type=\"tj-section-title.default\">\n\t\t\t\t<div class=\"elementor-widget-container\">\n\t\t\t\t\t\n<div class=\"section-heading\">\n\n  \n  <h2 class=\"section-title wow fadeInUp\" data-wow-delay=\"0.3s\">Get in Touch<\/h2>\n      <div class=\"desc wow fadeInUp\" data-wow-delay=\"0.5s\">\n      <p>Whether you have a question, a project in mind, or just want to connect, We're here to help. Reach out today!<\/p>    <\/div>\n  \n  <\/div>\n\n\t\t\t\t<\/div>\n\t\t\t\t<\/div>\n\t\t\t\t<div class=\"elementor-element elementor-element-757661c elementor-widget elementor-widget-shortcode\" data-id=\"757661c\" data-element_type=\"widget\" data-widget_type=\"shortcode.default\">\n\t\t\t\t<div class=\"elementor-widget-container\">\n\t\t\t\t\t\t\t<div class=\"elementor-shortcode\"><div id=\"simple-contact-form-wrap\">\r\n\t\t<div id=\"simple-contact-form\" class=\"scf\">\r\n\t\t\t<form action=\"#simple-contact-form-wrap\" method=\"post\" data-trp-original-action=\"#simple-contact-form-wrap\">\r\n\t\t\t\t<div class=\"scf-row scf-name\">\r\n\t\t\t\t\t<label for=\"scf_name\">Your Name<\/label>\r\n\t\t\t\t\t<input name=\"scf_name\" id=\"scf_name\" type=\"text\" size=\"33\" maxlength=\"99\" value=\"\" placeholder=\"Your Name\" \/>\r\n\t\t\t\t<\/div>\r\n\t\t\t\t<div class=\"scf-row scf-email\">\r\n\t\t\t\t\t<label for=\"scf_email\">Your Email<\/label>\r\n\t\t\t\t\t<input name=\"scf_email\" id=\"scf_email\" type=\"text\" size=\"33\" maxlength=\"99\" value=\"\" placeholder=\"Your Email\" \/>\r\n\t\t\t\t<\/div>\r\n\t\t<div class=\"scf-row scf-confirm-email\">\r\n\t\t\t<label for=\"scf_confirm_email\">Confirm Your Email<\/label>\r\n\t\t\t<input name=\"scf_confirm_email\" id=\"scf_confirm_email\" type=\"text\" size=\"33\" maxlength=\"99\" value=\"\" placeholder=\"Confirm Your Email\" \/>\r\n\t\t<\/div>\r\n\t\t\t\t<div class=\"scf-row scf-message\">\r\n\t\t\t\t\t<label for=\"scf_message\">Your Message<\/label>\r\n\t\t\t\t\t<textarea name=\"scf_message\" id=\"scf_message\" cols=\"33\" rows=\"7\" placeholder=\"Your Message\"><\/textarea>\r\n\t\t\t\t<\/div><div class=\"scf-submit\">\r\n\t\t\t\t\t<input type=\"submit\" id=\"scf-button\" value=\"Send Message\">\r\n\t\t\t\t\t<input type=\"hidden\" id=\"scf-key\" name=\"scf-key\" value=\"process\">\r\n\t\t\t\t\t<input type=\"hidden\" id=\"scf-nonce\" name=\"scf-nonce\" value=\"cc9e3d4ef5\" \/>\r\n\t\t\t\t<\/div>\t<div class=\"scf-confirm-checkbox\">\r\n\t\t<label><input type=\"checkbox\" required> I consent to the storage of my information for responding to my inquiry. <br>See our <a href=\"https:\/\/atlantic-investments.co.uk\/tr\/privacy-policy\/\" target=\"_blank\" rel=\"noopener noreferrer\" style=\"color: #f8f8f8\">\r\n  privacy policy\r\n<\/a> for details.<\/label>\r\n\t<\/div><!-- .scf-confirm-checkbox -->\r\n\t<input type=\"hidden\" name=\"trp-form-language\" value=\"tr\"\/><\/form>\r\n\t\t<\/div>\r\n\t\t<style>.scf-confirm-checkbox { margin-top: 15px; } .scf-website3dhhsy3 { display: none; } #simple-contact-form .scf-row { width: 100%; overflow: hidden; margin: 5px 0; padding: 5px 0; border: 0; } #simple-contact-form .scf-row input { box-sizing: border-box; float: left; clear: none; width: 75%; margin: 0; } #simple-contact-form .scf-row label { box-sizing: border-box; float: left; clear: both; width: 25%; margin-top: 5px; font-size: 90%; } #simple-contact-form .scf-row textarea { box-sizing: border-box; float: left; clear: both; width: 100%; margin-top: 2px; }\/* Form genel g\u00f6r\u00fcn\u00fcm *\/ #simple-contact-form form { max-width: 720px; margin: 0 auto; padding: 24px; background: transparent; \/* Arka plan tamamen \u015feffaf *\/ border: none; border-radius: 14px; font-family: system-ui, sans-serif; color: #222; } \/* Her sat\u0131r *\/ #simple-contact-form .scf-row { width: 100%; margin: 14px 0; } \/* Label gizle (eri\u015filebilirlik i\u00e7in b\u0131rak\u0131ld\u0131) *\/ #simple-contact-form .scf-row label { position: absolute !important; width: 1px !important; height: 1px !important; padding: 0 !important; margin: -1px !important; overflow: hidden !important; clip: rect(0 0 0 0) !important; white-space: nowrap !important; border: 0 !important; } \/* Input ve textarea ortak stil *\/ #simple-contact-form .scf-row input, #simple-contact-form .scf-row textarea { width: 100% !important; box-sizing: border-box; background: rgba(255, 255, 255, 0.85); \/* Transparana yak\u0131n beyaz *\/ border: 1px solid rgba(255,255,255,0.4); border-radius: 10px; padding: 14px 16px; font-size: 16px; line-height: 1.35; color: #222; transition: border-color .18s ease, box-shadow .18s ease, background .18s ease; backdrop-filter: blur(6px); } \/* Textarea boyu *\/ #simple-contact-form .scf-row textarea { min-height: 170px; resize: vertical; } \/* Placeholder rengi *\/ #simple-contact-form ::placeholder { color: #444; opacity: 1; } \/* Focus efekti *\/ #simple-contact-form .scf-row input:focus, #simple-contact-form .scf-row textarea:focus { outline: none; border-color: #DBAD68; \/* Focus rengini de uyumlu yapt\u0131m *\/ box-shadow: 0 0 0 3px rgba(219,173,104,.35); background: rgba(255,255,255,0.95); } \/* Hata ve ba\u015far\u0131 mesajlar\u0131 *\/ p.scf_error, p.scf_spam { color: #cc0000; font-weight: 600; } p.scf_success { color: #2b8a3e; font-weight: 600; } #scf_success pre { white-space: pre-wrap; } \/* G\u00f6nder butonu *\/ div.scf-submit { margin-top: 18px; } div.scf-submit input[type=\"submit\"] { background: #DBAD68; \/* senin istedi\u011fin renk *\/ color: #fff; padding: 14px 18px; border-radius: 12px; font-size: 16px; font-weight: 700; cursor: pointer; border: none; box-shadow: 0 6px 18px rgba(0,0,0,.15); transition: transform .06s ease, filter .18s ease; } div.scf-submit input[type=\"submit\"]:hover { filter: brightness(1.05); } div.scf-submit input[type=\"submit\"]:active { transform: translateY(1px); } \/* Checkbox sat\u0131r\u0131 *\/ .scf-confirm-checkbox { margin-top: 18px; display: flex; gap: 10px; align-items: start; color: #eee; font-size: 14px; line-height: 1.4; } .scf-confirm-checkbox input[type=\"checkbox\"] { width: 18px; height: 18px; margin-top: 2px; accent-color: #DBAD68; \/* \u2705 Tik i\u015faretinin rengi *\/ } \/* Bot koruma alan\u0131n\u0131 gizle *\/ .scf-website3dhhsy3 { display: none !important; }<\/style><div style=\"clear:both\">&nbsp;<\/div><\/div><\/div>\n\t\t\t\t\t\t<\/div>\n\t\t\t\t<\/div>\n\t\t\t\t\t<\/div>\n\t\t\t\t<\/div>\n\t\t\t\t<\/div>","protected":false},"excerpt":{"rendered":"<p>Phone 07544447910 WhatsApp +905334741586 E-mail contact@atlantic-investments.co.uk Address 1 Staward Terrace, Newcastle upon Tyne,\u00a0NE6\u00a03EP Get in Touch Whether you have a question, a project in mind, or just want to connect, We&#8217;re here to help. Reach out today!<\/p>","protected":false},"author":1,"featured_media":0,"parent":0,"menu_order":0,"comment_status":"closed","ping_status":"closed","template":"elementor_header_footer","meta":{"_acf_changed":false,"footnotes":""},"class_list":["post-539","page","type-page","status-publish","hentry"],"acf":[],"yoast_head":"<!-- This site is optimized with the Yoast SEO plugin v25.8 - https:\/\/yoast.com\/wordpress\/plugins\/seo\/ -->\n<title>Contact Us - Atlantic-Investments<\/title>\n<meta name=\"robots\" content=\"index, follow, max-snippet:-1, max-image-preview:large, max-video-preview:-1\" \/>\n<link rel=\"canonical\" href=\"https:\/\/atlantic-investments.co.uk\/tr\/contact\/\" \/>\n<meta property=\"og:locale\" content=\"tr_TR\" \/>\n<meta property=\"og:type\" content=\"article\" \/>\n<meta property=\"og:title\" content=\"Contact Us - Atlantic-Investments\" \/>\n<meta property=\"og:description\" content=\"Phone 07544447910 WhatsApp +905334741586 E-mail contact@atlantic-investments.co.uk Address 1 Staward Terrace, Newcastle upon Tyne,\u00a0NE6\u00a03EP Get in Touch Whether you have a question, a project in mind, or just want to connect, We&#8217;re here to help. Reach out today!\" \/>\n<meta property=\"og:url\" content=\"https:\/\/atlantic-investments.co.uk\/tr\/contact\/\" \/>\n<meta property=\"og:site_name\" content=\"Atlantic-Investments\" \/>\n<meta property=\"article:modified_time\" content=\"2025-08-24T15:07:47+00:00\" \/>\n<meta name=\"twitter:card\" content=\"summary_large_image\" \/>\n<meta name=\"twitter:label1\" content=\"Tahmini okuma s\u00fcresi\" \/>\n\t<meta name=\"twitter:data1\" content=\"1 dakika\" \/>\n<script type=\"application\/ld+json\" class=\"yoast-schema-graph\">{\"@context\":\"https:\/\/schema.org\",\"@graph\":[{\"@type\":\"WebPage\",\"@id\":\"https:\/\/atlantic-investments.co.uk\/contact\/\",\"url\":\"https:\/\/atlantic-investments.co.uk\/contact\/\",\"name\":\"Contact Us - Atlantic-Investments\",\"isPartOf\":{\"@id\":\"http:\/\/atlantic-investments.co.uk\/#website\"},\"datePublished\":\"2024-01-09T16:19:41+00:00\",\"dateModified\":\"2025-08-24T15:07:47+00:00\",\"breadcrumb\":{\"@id\":\"https:\/\/atlantic-investments.co.uk\/contact\/#breadcrumb\"},\"inLanguage\":\"tr\",\"potentialAction\":[{\"@type\":\"ReadAction\",\"target\":[\"https:\/\/atlantic-investments.co.uk\/contact\/\"]}]},{\"@type\":\"BreadcrumbList\",\"@id\":\"https:\/\/atlantic-investments.co.uk\/contact\/#breadcrumb\",\"itemListElement\":[{\"@type\":\"ListItem\",\"position\":1,\"name\":\"Home\",\"item\":\"https:\/\/atlantic-investments.co.uk\/\"},{\"@type\":\"ListItem\",\"position\":2,\"name\":\"Contact Us\"}]},{\"@type\":\"WebSite\",\"@id\":\"http:\/\/atlantic-investments.co.uk\/#website\",\"url\":\"http:\/\/atlantic-investments.co.uk\/\",\"name\":\"Atlantic-Investments\",\"description\":\"\",\"publisher\":{\"@id\":\"http:\/\/atlantic-investments.co.uk\/#organization\"},\"potentialAction\":[{\"@type\":\"SearchAction\",\"target\":{\"@type\":\"EntryPoint\",\"urlTemplate\":\"http:\/\/atlantic-investments.co.uk\/?s={search_term_string}\"},\"query-input\":{\"@type\":\"PropertyValueSpecification\",\"valueRequired\":true,\"valueName\":\"search_term_string\"}}],\"inLanguage\":\"tr\"},{\"@type\":\"Organization\",\"@id\":\"http:\/\/atlantic-investments.co.uk\/#organization\",\"name\":\"Atlantic-Investments\",\"url\":\"http:\/\/atlantic-investments.co.uk\/\",\"logo\":{\"@type\":\"ImageObject\",\"inLanguage\":\"tr\",\"@id\":\"http:\/\/atlantic-investments.co.uk\/#\/schema\/logo\/image\/\",\"url\":\"https:\/\/atlantic-investments.co.uk\/wp-content\/uploads\/2025\/05\/Picture1.jpg\",\"contentUrl\":\"https:\/\/atlantic-investments.co.uk\/wp-content\/uploads\/2025\/05\/Picture1.jpg\",\"width\":1125,\"height\":374,\"caption\":\"Atlantic-Investments\"},\"image\":{\"@id\":\"http:\/\/atlantic-investments.co.uk\/#\/schema\/logo\/image\/\"}}]}<\/script>\n<!-- \/ Yoast SEO plugin. -->","yoast_head_json":{"title":"Contact Us - Atlantic-Investments","robots":{"index":"index","follow":"follow","max-snippet":"max-snippet:-1","max-image-preview":"max-image-preview:large","max-video-preview":"max-video-preview:-1"},"canonical":"https:\/\/atlantic-investments.co.uk\/tr\/contact\/","og_locale":"tr_TR","og_type":"article","og_title":"Contact Us - Atlantic-Investments","og_description":"Phone 07544447910 WhatsApp +905334741586 E-mail contact@atlantic-investments.co.uk Address 1 Staward Terrace, Newcastle upon Tyne,\u00a0NE6\u00a03EP Get in Touch Whether you have a question, a project in mind, or just want to connect, We&#8217;re here to help. Reach out today!","og_url":"https:\/\/atlantic-investments.co.uk\/tr\/contact\/","og_site_name":"Atlantic-Investments","article_modified_time":"2025-08-24T15:07:47+00:00","twitter_card":"summary_large_image","twitter_misc":{"Tahmini okuma s\u00fcresi":"1 dakika"},"schema":{"@context":"https:\/\/schema.org","@graph":[{"@type":"WebPage","@id":"https:\/\/atlantic-investments.co.uk\/contact\/","url":"https:\/\/atlantic-investments.co.uk\/contact\/","name":"Contact Us - Atlantic-Investments","isPartOf":{"@id":"http:\/\/atlantic-investments.co.uk\/#website"},"datePublished":"2024-01-09T16:19:41+00:00","dateModified":"2025-08-24T15:07:47+00:00","breadcrumb":{"@id":"https:\/\/atlantic-investments.co.uk\/contact\/#breadcrumb"},"inLanguage":"tr","potentialAction":[{"@type":"ReadAction","target":["https:\/\/atlantic-investments.co.uk\/contact\/"]}]},{"@type":"BreadcrumbList","@id":"https:\/\/atlantic-investments.co.uk\/contact\/#breadcrumb","itemListElement":[{"@type":"ListItem","position":1,"name":"Home","item":"https:\/\/atlantic-investments.co.uk\/"},{"@type":"ListItem","position":2,"name":"Contact Us"}]},{"@type":"WebSite","@id":"http:\/\/atlantic-investments.co.uk\/#website","url":"http:\/\/atlantic-investments.co.uk\/","name":"Atlantic-Investments","description":"","publisher":{"@id":"http:\/\/atlantic-investments.co.uk\/#organization"},"potentialAction":[{"@type":"SearchAction","target":{"@type":"EntryPoint","urlTemplate":"http:\/\/atlantic-investments.co.uk\/?s={search_term_string}"},"query-input":{"@type":"PropertyValueSpecification","valueRequired":true,"valueName":"search_term_string"}}],"inLanguage":"tr"},{"@type":"Organization","@id":"http:\/\/atlantic-investments.co.uk\/#organization","name":"Atlantic-Investments","url":"http:\/\/atlantic-investments.co.uk\/","logo":{"@type":"ImageObject","inLanguage":"tr","@id":"http:\/\/atlantic-investments.co.uk\/#\/schema\/logo\/image\/","url":"https:\/\/atlantic-investments.co.uk\/wp-content\/uploads\/2025\/05\/Picture1.jpg","contentUrl":"https:\/\/atlantic-investments.co.uk\/wp-content\/uploads\/2025\/05\/Picture1.jpg","width":1125,"height":374,"caption":"Atlantic-Investments"},"image":{"@id":"http:\/\/atlantic-investments.co.uk\/#\/schema\/logo\/image\/"}}]}},"_links":{"self":[{"href":"https:\/\/atlantic-investments.co.uk\/tr\/wp-json\/wp\/v2\/pages\/539","targetHints":{"allow":["GET"]}}],"collection":[{"href":"https:\/\/atlantic-investments.co.uk\/tr\/wp-json\/wp\/v2\/pages"}],"about":[{"href":"https:\/\/atlantic-investments.co.uk\/tr\/wp-json\/wp\/v2\/types\/page"}],"author":[{"embeddable":true,"href":"https:\/\/atlantic-investments.co.uk\/tr\/wp-json\/wp\/v2\/users\/1"}],"replies":[{"embeddable":true,"href":"https:\/\/atlantic-investments.co.uk\/tr\/wp-json\/wp\/v2\/comments?post=539"}],"version-history":[{"count":5,"href":"https:\/\/atlantic-investments.co.uk\/tr\/wp-json\/wp\/v2\/pages\/539\/revisions"}],"predecessor-version":[{"id":3296,"href":"https:\/\/atlantic-investments.co.uk\/tr\/wp-json\/wp\/v2\/pages\/539\/revisions\/3296"}],"wp:attachment":[{"href":"https:\/\/atlantic-investments.co.uk\/tr\/wp-json\/wp\/v2\/media?parent=539"}],"curies":[{"name":"wp","href":"https:\/\/api.w.org\/{rel}","templated":true}]}}